{"id":1053,"date":"2015-10-31T14:06:51","date_gmt":"2015-10-31T14:06:51","guid":{"rendered":"http:\/\/khoahocnganhang.org.vn\/news\/?page_id=1053"},"modified":"2015-11-01T02:26:46","modified_gmt":"2015-11-01T02:26:46","slug":"luat-khcn","status":"publish","type":"page","link":"http:\/\/khoahocnganhang.org.vn\/news\/vi\/luat-khcn\/","title":{"rendered":"Lu\u1eadt KH&#038;CN"},"content":{"rendered":"<table border=\"0\" width=\"100%\" cellspacing=\"1\" cellpadding=\"2\">\n<tbody>\n<tr>\n<td class=\"cssDefaultResource\" width=\"30%\" height=\"22\">S\u1ed1 hi\u1ec7u<\/td>\n<td class=\"cssDefaultResourceAlternative\"><b>29\/2013\/QH13<\/b><\/td>\n<\/tr>\n<tr>\n<td class=\"cssDefaultResource\" height=\"22\">C\u01a1 quan ban h\u00e0nh:<\/td>\n<td class=\"cssDefaultResourceAlternative\"><b>Qu\u1ed1c H\u1ed9i<\/b><\/td>\n<\/tr>\n<tr>\n<td class=\"cssDefaultResource\" height=\"22\">Lo\u1ea1i v\u0103n b\u1ea3n<\/td>\n<td class=\"cssDefaultResourceAlternative\"><b>Lu\u1eadt<\/b><\/td>\n<\/tr>\n<tr>\n<td class=\"cssDefaultResource\" height=\"22\">Ng\u01b0\u1eddi k\u00fd:<\/td>\n<td class=\"cssDefaultResourceAlternative\"><b>Ch\u1ee7 t\u1ecbch Qu\u1ed1c h\u1ed9i Nguy\u1ec5n Sinh H\u00f9ng<\/b><\/td>\n<\/tr>\n<tr>\n<td class=\"cssDefaultResource\" height=\"22\">Ng\u00e0y ban h\u00e0nh:<\/td>\n<td class=\"cssDefaultResourceAlternative\"><b>18\/06\/2013<\/b><\/td>\n<\/tr>\n<tr>\n<td class=\"cssDefaultResource\" height=\"22\">Th\u1eddi gian b\u1eaft \u0111\u1ea7u hi\u1ec7u l\u1ef1c<\/td>\n<td class=\"cssDefaultResourceAlternative\"><b>01\/01\/2014<\/b><\/td>\n<\/tr>\n<tr>\n<td class=\"cssDefaultResource\">T\u00e0i li\u1ec7u \u0111\u00ednh k\u00e8m:<\/td>\n<td class=\"cssDefaultResourceAlternative\"><a href=\"http:\/\/www.most.gov.vn\/Attachments\/9efff51962d74705b20d86ac9628cd6f-Luat_KHCN.doc\">Luat_KHCN.doc<\/a><\/td>\n<\/tr>\n<tr>\n<td class=\"cssDefaultContent\" colspan=\"2\"><b>Tr\u00edch y\u1ebfu n\u1ed9i dung<\/b>\u00a0 Lu\u1eadt khoa h\u1ecdc v\u00e0 c\u00f4ng ngh\u1ec7<\/td>\n<\/tr>\n<\/tbody>\n<\/table>\n<p style=\"text-align: justify;\">Lu\u1eadt khoa h\u1ecdc v\u00e0 c\u00f4ng ngh\u1ec7 quy \u0111\u1ecbnh v\u1ec1 t\u1ed5 ch\u1ee9c, c\u00e1 nh\u00e2n ho\u1ea1t \u0111\u1ed9ng khoa h\u1ecdc v\u00e0 c\u00f4ng ngh\u1ec7; vi\u1ec7c t\u1ed5 ch\u1ee9c th\u1ef1c hi\u1ec7n ho\u1ea1t \u0111\u1ed9ng khoa h\u1ecdc v\u00e0 c\u00f4ng ngh\u1ec7; bi\u1ec7n ph\u00e1p b\u1ea3o \u0111\u1ea3m ph\u00e1t tri\u1ec3n khoa h\u1ecdc v\u00e0 c\u00f4ng ngh\u1ec7; qu\u1ea3n l\u00fd nh\u00e0 n\u01b0\u1edbc v\u1ec1 khoa h\u1ecdc v\u00e0 c\u00f4ng ngh\u1ec7.<\/p>\n<p style=\"text-align: justify;\">Lu\u1eadt khoa h\u1ecdc v\u00e0 c\u00f4ng ngh\u1ec7 \u00e1p d\u1ee5ng \u0111\u1ed1i v\u1edbi t\u1ed5 ch\u1ee9c, c\u00e1 nh\u00e2n ho\u1ea1t \u0111\u1ed9ng khoa h\u1ecdc v\u00e0 c\u00f4ng ngh\u1ec7 t\u1ea1i Vi\u1ec7t Nam.<\/p>\n<p>&nbsp;<\/p>\n","protected":false},"excerpt":{"rendered":"<p>S\u1ed1 hi\u1ec7u 29\/2013\/QH13 C\u01a1 quan ban h\u00e0nh: Qu\u1ed1c H\u1ed9i Lo\u1ea1i v\u0103n b\u1ea3n Lu\u1eadt Ng\u01b0\u1eddi k\u00fd: Ch\u1ee7 t\u1ecbch Qu\u1ed1c h\u1ed9i Nguy\u1ec5n Sinh H\u00f9ng Ng\u00e0y ban h\u00e0nh: 18\/06\/2013 Th\u1eddi gian b\u1eaft \u0111\u1ea7u hi\u1ec7u l\u1ef1c 01\/01\/2014 T\u00e0i li\u1ec7u \u0111\u00ednh k\u00e8m: Luat_KHCN.doc Tr\u00edch y\u1ebfu n\u1ed9i dung\u00a0 Lu\u1eadt khoa h\u1ecdc v\u00e0 c\u00f4ng ngh\u1ec7 Lu\u1eadt khoa h\u1ecdc v\u00e0 c\u00f4ng ngh\u1ec7 quy &#8230;<\/p>\n","protected":false},"author":3,"featured_media":0,"parent":0,"menu_order":0,"comment_status":"open","ping_status":"open","template":"","meta":[],"_links":{"self":[{"href":"http:\/\/khoahocnganhang.org.vn\/news\/wp-json\/wp\/v2\/pages\/1053"}],"collection":[{"href":"http:\/\/khoahocnganhang.org.vn\/news\/wp-json\/wp\/v2\/pages"}],"about":[{"href":"http:\/\/khoahocnganhang.org.vn\/news\/wp-json\/wp\/v2\/types\/page"}],"author":[{"embeddable":true,"href":"http:\/\/khoahocnganhang.org.vn\/news\/wp-json\/wp\/v2\/users\/3"}],"replies":[{"embeddable":true,"href":"http:\/\/khoahocnganhang.org.vn\/news\/wp-json\/wp\/v2\/comments?post=1053"}],"version-history":[{"count":4,"href":"http:\/\/khoahocnganhang.org.vn\/news\/wp-json\/wp\/v2\/pages\/1053\/revisions"}],"predecessor-version":[{"id":1121,"href":"http:\/\/khoahocnganhang.org.vn\/news\/wp-json\/wp\/v2\/pages\/1053\/revisions\/1121"}],"wp:attachment":[{"href":"http:\/\/khoahocnganhang.org.vn\/news\/wp-json\/wp\/v2\/media?parent=1053"}],"curies":[{"name":"wp","href":"https:\/\/api.w.org\/{rel}","templated":true}]}}