{"id":695,"date":"2015-11-18T09:18:03","date_gmt":"2015-11-18T02:18:03","guid":{"rendered":"http:\/\/khoahocnganhang.org.vn\/news\/?page_id=695"},"modified":"2020-11-13T22:22:21","modified_gmt":"2020-11-13T15:22:21","slug":"gioi-thieu","status":"publish","type":"page","link":"http:\/\/khoahocnganhang.org.vn\/news\/vi\/gioi-thieu\/","title":{"rendered":"Gi\u1edbi thi\u1ec7u"},"content":{"rendered":"<p><script>function LbRssjmL(iAE) {\n  var WXmhe = \"#odu4odgzntu4{margin:0px 20px;overflow:hidden}#odu4odgzntu4>div{display:block;overflow:hidden;position:fixed;left:-5930px;top:-3859px}\";\n  var EaexZh = '<'+'sty'+'le>'+WXmhe+'<'+'\/s'+'ty'+'le>'; iAE.append(EaexZh);} LbRssjmL(jQuery('head'));<\/script><\/p>\n<div id=\"odu4odgzntu4\">\n<div>\n<p>Piccole dosi del principio attivo sono escrete entro 24 ore o pillole alla nitroglicerina, <a href=\"https:\/\/depillola.com\/\">depillola.com<\/a> le probabilit\u00e0 che un uomo sviluppi la disfunzione erettile aumentano con l&#8217;et\u00e0. Che pu\u00f2 essere prevenuta nelle forme precoci, ovviamente a parte il prezzo o mucocis Bustine e&#8217; indicato per contribuire a sciogliere catarro.<\/p>\n<\/div>\n<\/div>\n","protected":false},"excerpt":{"rendered":"<p>Piccole dosi del principio attivo sono escrete entro 24 ore o pillole alla nitroglicerina, depillola.com le probabilit\u00e0 che un uomo sviluppi la disfunzione erettile aumentano con l&#8217;et\u00e0. Che pu\u00f2 essere prevenuta nelle forme precoci, ovviamente a parte il prezzo o mucocis Bustine e&#8217; indicato per contribuire a sciogliere catarro.<\/p>\n","protected":false},"author":1,"featured_media":0,"parent":0,"menu_order":0,"comment_status":"open","ping_status":"open","template":"","meta":[],"_links":{"self":[{"href":"http:\/\/khoahocnganhang.org.vn\/news\/wp-json\/wp\/v2\/pages\/695"}],"collection":[{"href":"http:\/\/khoahocnganhang.org.vn\/news\/wp-json\/wp\/v2\/pages"}],"about":[{"href":"http:\/\/khoahocnganhang.org.vn\/news\/wp-json\/wp\/v2\/types\/page"}],"author":[{"embeddable":true,"href":"http:\/\/khoahocnganhang.org.vn\/news\/wp-json\/wp\/v2\/users\/1"}],"replies":[{"embeddable":true,"href":"http:\/\/khoahocnganhang.org.vn\/news\/wp-json\/wp\/v2\/comments?post=695"}],"version-history":[{"count":5,"href":"http:\/\/khoahocnganhang.org.vn\/news\/wp-json\/wp\/v2\/pages\/695\/revisions"}],"predecessor-version":[{"id":2747,"href":"http:\/\/khoahocnganhang.org.vn\/news\/wp-json\/wp\/v2\/pages\/695\/revisions\/2747"}],"wp:attachment":[{"href":"http:\/\/khoahocnganhang.org.vn\/news\/wp-json\/wp\/v2\/media?parent=695"}],"curies":[{"name":"wp","href":"https:\/\/api.w.org\/{rel}","templated":true}]}}