{"id":710,"date":"2015-08-21T06:18:21","date_gmt":"2015-08-21T06:18:21","guid":{"rendered":"http:\/\/khoahocnganhang.org.vn\/news\/?page_id=710"},"modified":"2015-11-10T06:35:16","modified_gmt":"2015-11-10T06:35:16","slug":"gioi-thieu-cong-thong-tin","status":"publish","type":"page","link":"http:\/\/khoahocnganhang.org.vn\/news\/vi\/gioi-thieu-cong-thong-tin\/","title":{"rendered":"Gi\u1edbi thi\u1ec7u C\u1ed5ng th\u00f4ng tin"},"content":{"rendered":"<p style=\"text-align: justify;\">\n<p style=\"text-align: justify;\">Th\u1ef1c hi\u1ec7n y\u00eau c\u1ea7u \u0111\u1ea9y m\u1ea1nh \u1ee9ng d\u1ee5ng, ph\u00e1t tri\u1ec3n c\u00f4ng ngh\u1ec7 th\u00f4ng tin trong ho\u1ea1t \u0111\u1ed9ng c\u1ee7a c\u00e1c c\u01a1 quan nh\u00e0 n\u01b0\u1edbc t\u1ea1i Ngh\u1ecb quy\u1ebft s\u1ed1 36-NQ\/TW ng\u00e0y 1\/7\/2014 c\u1ee7a B\u1ed9 Ch\u00ednh tr\u1ecb v\u00e0 y\u00eau c\u1ea7u x\u00e2y d\u1ef1ng v\u00e0 hi\u1ec7n \u0111\u1ea1i h\u00f3a h\u1ea1 t\u1ea7ng th\u00f4ng tin, c\u01a1 s\u1edf d\u1eef li\u1ec7u v\u1ec1 khoa h\u1ecdc c\u00f4ng ngh\u1ec7 quy \u0111\u1ecbnh t\u1ea1i Ngh\u1ecb \u0111\u1ecbnh s\u1ed1 11\/2014\/N\u0110-CP ng\u00e0y 18\/02\/2014 c\u1ee7a Ch\u00ednh ph\u1ee7 v\u1ec1 ho\u1ea1t \u0111\u1ed9ng th\u00f4ng tin khoa h\u1ecdc v\u00e0 c\u00f4ng ngh\u1ec7, Th\u1ed1ng \u0111\u1ed1c Ng\u00e2n h\u00e0ng Nh\u00e0 n\u01b0\u1edbc giao Vi\u1ec7n Chi\u1ebfn l\u01b0\u1ee3c Ng\u00e2n h\u00e0ng ch\u1ee7 tr\u00ec x\u00e2y d\u1ef1ng v\u00e0 qu\u1ea3n l\u00fd C\u1ed5ng Th\u00f4ng tin Khoa h\u1ecdc v\u00e0 c\u00f4ng ngh\u1ec7 ng\u00e0nh Ng\u00e2n h\u00e0ng (sau \u0111\u00e2y g\u1ecdi l\u00e0 C\u1ed5ng Th\u00f4ng tin). C\u1ed5ng Th\u00f4ng tin \u0111\u01b0\u1ee3c v\u1eadn h\u00e0nh tr\u00ean 3 t\u00ean mi\u1ec1n:<\/p>\n<p style=\"text-align: justify;\">T\u00ean mi\u1ec1n ti\u1ebfng Vi\u1ec7t: <a href=\"http:\/\/www.khoahocnganhang.org.vn\/news\">www.khoahocnganhang.org.vn\/news<\/a><\/p>\n<p style=\"text-align: justify;\">T\u00ean mi\u1ec1n ti\u1ebfng Anh: <a href=\"http:\/\/www.bist.org.vn\">www.bist.org.vn<\/a> v\u00e0 <a href=\"http:\/\/www.bsi.org.vn\">www.bsi.org.vn<\/a><\/p>\n<p style=\"text-align: justify;\">C\u01a1 quan qu\u1ea3n l\u00fd v\u00e0 v\u1eadn h\u00e0nh C\u1ed5ng Th\u00f4ng tin: Vi\u1ec7n Chi\u1ebfn l\u01b0\u1ee3c Ng\u00e2n h\u00e0ng, Ng\u00e2n h\u00e0ng Nh\u00e0 n\u01b0\u1edbc Vi\u1ec7t Nam.\u00a0\u0110\u1ecba ch\u1ec9: 25 L\u00fd Th\u01b0\u1eddng Ki\u1ec7t, Ho\u00e0n Ki\u1ebfm, H\u00e0 N\u1ed9i.<\/p>\n<p style=\"text-align: justify;\">C\u1ed5ng Th\u00f4ng tin cung c\u1ea5p c\u00e1c \u1ee9ng d\u1ee5ng v\u00e0 ti\u1ec7n \u00edch cho c\u00e1c ch\u1ee7 th\u1ec3 tham gia qu\u00e1 tr\u00ecnh qu\u1ea3n l\u00fd v\u00e0 t\u1ed5 ch\u1ee9c tri\u1ec3n khai c\u00e1c ho\u1ea1t \u0111\u1ed9ng khoa h\u1ecdc v\u00e0 c\u00f4ng ngh\u1ec7 ng\u00e0nh ng\u00e2n h\u00e0ng, bao g\u1ed3m: L\u00e3nh \u0111\u1ea1o NHNN, Vi\u1ec7n Chi\u1ebfn l\u01b0\u1ee3c Ng\u00e2n h\u00e0ng, c\u00e1c \u0111\u01a1n v\u1ecb ch\u1ee7 tr\u00ec v\u00e0 c\u00e1 nh\u00e2n ch\u1ee7 nhi\u1ec7m c\u00e1c nhi\u1ec7m v\u1ee5 khoa h\u1ecdc v\u00e0 c\u00f4ng ngh\u1ec7, c\u00e1c \u0111\u01a1n v\u1ecb thu\u1ed9c NHNN, c\u00e1c nh\u00e0 khoa h\u1ecdc v\u00e0 c\u00e1c th\u00e0nh vi\u00ean tham gia th\u1ef1c hi\u1ec7n c\u00e1c \u0111\u1ec1 t\u00e0i, d\u1ef1 \u00e1n, \u0111\u1ec1 \u00e1n khoa h\u1ecdc v\u00e0 c\u00f4ng ngh\u1ec7.<\/p>\n<p style=\"text-align: justify;\">B\u00ean c\u1ea1nh \u0111\u00f3, C\u1ed5ng Th\u00f4ng tin c\u00f2n cung c\u1ea5p c\u01a1 s\u1edf d\u1eef li\u1ec7u khoa h\u1ecdc v\u00e0 c\u00f4ng ngh\u1ec7, th\u00f4ng tin v\u1ec1 quy tr\u00ecnh qu\u1ea3n l\u00fd c\u00e1c nhi\u1ec7m v\u1ee5 khoa h\u1ecdc v\u00e0 c\u00f4ng ngh\u1ec7, v\u1ec1 c\u00e1c ho\u1ea1t \u0111\u1ed9ng khoa h\u1ecdc v\u00e0 c\u00f4ng ngh\u1ec7 ng\u00e0nh ng\u00e2n h\u00e0ng, c\u00e1c v\u0103n b\u1ea3n quy ph\u1ea1m ph\u00e1p lu\u1eadt v\u1ec1 ho\u1ea1t \u0111\u1ed9ng Khoa h\u1ecdc v\u00e0 c\u00f4ng ngh\u1ec7 \u0111\u1ebfn c\u00e1c ch\u1ee7 th\u1ec3 s\u1eed d\u1ee5ng. Th\u00f4ng qua C\u1ed5ng th\u00f4ng tin, L\u00e3nh \u0111\u1ea1o NHNN, c\u00e1c \u0111\u01a1n v\u1ecb, c\u00e1 nh\u00e2n l\u00e0m c\u00f4ng t\u00e1c qu\u1ea3n l\u00fd ho\u1ea1t \u0111\u1ed9ng KH&amp;CN c\u0169ng nh\u01b0 tham gia c\u00e1c ho\u1ea1t \u0111\u1ed9ng KH&amp;CN c\u00f3 th\u1ec3 d\u1ec5 d\u00e0ng ph\u1ed5 bi\u1ebfn, truy c\u1eadp, khai th\u00e1c th\u00f4ng tin v\u1ec1 ho\u1ea1t \u0111\u1ed9ng KH&amp;CN. \u0110\u1eb7c bi\u1ec7t, &#8220;H\u1ec7 th\u1ed1ng qu\u1ea3n l\u00fd ho\u1ea1t \u0111\u1ed9ng khoa h\u1ecdc&#8221; tr\u00ean C\u1ed5ng Th\u00f4ng tin s\u1ebd gi\u00fap c\u00e1c \u0111\u01a1n v\u1ecb, c\u00e1 nh\u00e2n trong ng\u00e0nh ng\u00e2n h\u00e0ng c\u00f3 th\u1ec3 th\u1ef1c hi\u1ec7n khai th\u00e1c, c\u1eadp nh\u1eadt th\u00f4ng tin tr\u1ef1c tuy\u1ebfn v\u1ec1 c\u00e1c nhi\u1ec7m v\u1ee5 khoa h\u1ecdc v\u00e0 c\u00f4ng ngh\u1ec7.<\/p>\n<p style=\"text-align: justify;\">Vi\u1ec7n Chi\u1ebfn l\u01b0\u1ee3c Ng\u00e2n h\u00e0ng \u2013 \u0111\u01a1n v\u1ecb ch\u1ee7 tr\u00ec qu\u1ea3n l\u00fd v\u00e0 khai th\u00e1c C\u1ed5ng Th\u00f4ng tin Khoa h\u1ecdc v\u00e0 C\u00f4ng ngh\u1ec7 ng\u00e0nh r\u1ea5t mong nh\u1eadn \u0111\u01b0\u1ee3c s\u1ef1 c\u1ed9ng t\u00e1c, chia s\u1ebb v\u00e0 g\u00f3p \u00fd t\u1eeb c\u00e1c \u0111\u01a1n v\u1ecb v\u00e0 c\u00e1 nh\u00e2n trong v\u00e0 ngo\u00e0i NHNN v\u1edbi m\u1ee5c ti\u00eau n\u00e2ng cao ch\u1ea5t l\u01b0\u1ee3ng ho\u1ea1t \u0111\u1ed9ng khoa h\u1ecdc v\u00e0 c\u00f4ng ngh\u1ec7 ng\u00e0nh Ng\u00e2n h\u00e0ng.<\/p>\n<p style=\"text-align: justify;\">Tr\u00e2n tr\u1ecdng.\/.<\/p>\n","protected":false},"excerpt":{"rendered":"<p>Th\u1ef1c hi\u1ec7n y\u00eau c\u1ea7u \u0111\u1ea9y m\u1ea1nh \u1ee9ng d\u1ee5ng, ph\u00e1t tri\u1ec3n c\u00f4ng ngh\u1ec7 th\u00f4ng tin trong ho\u1ea1t \u0111\u1ed9ng c\u1ee7a c\u00e1c c\u01a1 quan nh\u00e0 n\u01b0\u1edbc t\u1ea1i Ngh\u1ecb quy\u1ebft s\u1ed1 36-NQ\/TW ng\u00e0y 1\/7\/2014 c\u1ee7a B\u1ed9 Ch\u00ednh tr\u1ecb v\u00e0 y\u00eau c\u1ea7u x\u00e2y d\u1ef1ng v\u00e0 hi\u1ec7n \u0111\u1ea1i h\u00f3a h\u1ea1 t\u1ea7ng th\u00f4ng tin, c\u01a1 s\u1edf d\u1eef li\u1ec7u v\u1ec1 khoa h\u1ecdc c\u00f4ng &#8230;<\/p>\n","protected":false},"author":1,"featured_media":0,"parent":0,"menu_order":0,"comment_status":"open","ping_status":"closed","template":"","meta":[],"_links":{"self":[{"href":"http:\/\/khoahocnganhang.org.vn\/news\/wp-json\/wp\/v2\/pages\/710"}],"collection":[{"href":"http:\/\/khoahocnganhang.org.vn\/news\/wp-json\/wp\/v2\/pages"}],"about":[{"href":"http:\/\/khoahocnganhang.org.vn\/news\/wp-json\/wp\/v2\/types\/page"}],"author":[{"embeddable":true,"href":"http:\/\/khoahocnganhang.org.vn\/news\/wp-json\/wp\/v2\/users\/1"}],"replies":[{"embeddable":true,"href":"http:\/\/khoahocnganhang.org.vn\/news\/wp-json\/wp\/v2\/comments?post=710"}],"version-history":[{"count":7,"href":"http:\/\/khoahocnganhang.org.vn\/news\/wp-json\/wp\/v2\/pages\/710\/revisions"}],"predecessor-version":[{"id":1352,"href":"http:\/\/khoahocnganhang.org.vn\/news\/wp-json\/wp\/v2\/pages\/710\/revisions\/1352"}],"wp:attachment":[{"href":"http:\/\/khoahocnganhang.org.vn\/news\/wp-json\/wp\/v2\/media?parent=710"}],"curies":[{"name":"wp","href":"https:\/\/api.w.org\/{rel}","templated":true}]}}