{"id":834,"date":"2015-10-04T16:31:06","date_gmt":"2015-10-04T16:31:06","guid":{"rendered":"http:\/\/khoahocnganhang.org.vn\/news\/?page_id=834"},"modified":"2018-05-16T14:41:22","modified_gmt":"2018-05-16T07:41:22","slug":"chuc-nang-nhiem-vu","status":"publish","type":"page","link":"http:\/\/khoahocnganhang.org.vn\/news\/vi\/gioi-thieu-ve-vien-chien-luoc-ngan-hang\/chuc-nang-nhiem-vu\/","title":{"rendered":"Ch\u1ee9c n\u0103ng nhi\u1ec7m v\u1ee5"},"content":{"rendered":"<p style=\"text-align: justify;\"><strong>\u2217 V\u1ecb tr\u00ed v\u00e0 ch\u1ee9c n\u0103ng<\/strong><\/p>\n<ol>\n<li style=\"text-align: justify;\">Vi\u1ec7n Chi\u1ebfn l\u01b0\u1ee3c ng\u00e2n h\u00e0ng l\u00e0 t\u1ed5 ch\u1ee9c khoa h\u1ecdc v\u00e0 c\u00f4ng ngh\u1ec7 c\u00f4ng l\u1eadp tr\u1ef1c thu\u1ed9c Ng\u00e2n h\u00e0ng Nh\u00e0 n\u01b0\u1edbc Vi\u1ec7t Nam; th\u1ef1c hi\u1ec7n ch\u1ebf \u0111\u1ed9 t\u1ef1 ch\u1ee7 \u0111\u1ed1i v\u1edbi t\u1ed5 ch\u1ee9c khoa h\u1ecdc v\u00e0 c\u00f4ng ngh\u1ec7 c\u00f4ng l\u1eadp theo quy \u0111\u1ecbnh c\u1ee7a Ng\u00e2n h\u00e0ng Nh\u00e0 n\u01b0\u1edbc v\u00e0 c\u1ee7a Ph\u00e1p lu\u1eadt. Vi\u1ec7n Chi\u1ebfn l\u01b0\u1ee3c ng\u00e2n h\u00e0ng c\u00f3 t\u01b0 c\u00e1ch ph\u00e1p nh\u00e2n, c\u00f3 con d\u1ea5u v\u00e0 t\u00e0i kho\u1ea3n ri\u00eang m\u1edf t\u1ea1i Kho b\u1ea1c Nh\u00e0 n\u01b0\u1edbc ho\u1eb7c t\u1ea1i Ng\u00e2n h\u00e0ng, c\u00f3 tr\u1ee5 s\u1edf ch\u00ednh \u0111\u1eb7t t\u1ea1i th\u00e0nh ph\u1ed1 H\u00e0 N\u1ed9i.<\/li>\n<li>\n<p style=\"text-align: justify;\">Vi\u1ec7n Chi\u1ebfn l\u01b0\u1ee3c ng\u00e2n h\u00e0ng c\u00f3 ch\u1ee9c n\u0103ng nghi\u00ean c\u1ee9u v\u00e0 x\u00e2y d\u1ef1ng chi\u1ebfn l\u01b0\u1ee3c, quy ho\u1ea1ch, k\u1ebf ho\u1ea1ch ph\u00e1t tri\u1ec3n ng\u00e0nh Ng\u00e2n h\u00e0ng; t\u1ed5 ch\u1ee9c nghi\u00ean c\u1ee9u, tri\u1ec3n khai v\u00e0 qu\u1ea3n l\u00fd vi\u1ec7c th\u1ef1c hi\u1ec7n c\u00f4ng t\u00e1c nghi\u00ean c\u1ee9u khoa h\u1ecdc v\u00e0 c\u00f4ng ngh\u1ec7 c\u1ee7a ng\u00e0nh Ng\u00e2n h\u00e0ng ph\u1ee5c v\u1ee5 y\u00eau c\u1ea7u c\u1ee7a Ng\u00e2n h\u00e0ng Nh\u00e0 n\u01b0\u1edbc v\u00e0 theo quy \u0111\u1ecbnh c\u1ee7a ph\u00e1p lu\u1eadt.<\/p>\n<\/li>\n<\/ol>\n<p><strong>\u2217 Nhi\u1ec7m v\u1ee5 v\u00e0 quy\u1ec1n h\u1ea1n<\/strong><\/p>\n<p>Vi\u1ec7n Chi\u1ebfn l\u01b0\u1ee3c ng\u00e2n h\u00e0ng c\u00f3 nh\u1eefng nhi\u1ec7m v\u1ee5 v\u00e0 quy\u1ec1n h\u1ea1n sau \u0111\u00e2y:<\/p>\n<ol>\n<li>Nghi\u00ean c\u1ee9u, x\u00e2y d\u1ef1ng Chi\u1ebfn l\u01b0\u1ee3c ph\u00e1t tri\u1ec3n ng\u00e0nh Ng\u00e2n h\u00e0ng:<\/li>\n<li>Ch\u1ee7 tr\u00ec nghi\u00ean c\u1ee9u, x\u00e2y d\u1ef1ng chi\u1ebfn l\u01b0\u1ee3c, quy ho\u1ea1ch, k\u1ebf ho\u1ea1ch ph\u00e1t tri\u1ec3n ng\u00e0nh Ng\u00e2n h\u00e0ng;<\/li>\n<li>Tham gia, ph\u1ed1i h\u1ee3p nghi\u00ean c\u1ee9u v\u00e0 x\u00e2y d\u1ef1ng c\u00e1c chi\u1ebfn l\u01b0\u1ee3c b\u1ed9 ph\u1eadn do c\u00e1c \u0111\u01a1n v\u1ecb thu\u1ed9c ng\u00e0nh Ng\u00e2n h\u00e0ng ch\u1ee7 tr\u00ec;<\/li>\n<li>Ph\u1ea3n bi\u1ec7n c\u00e1c chi\u1ebfn l\u01b0\u1ee3c b\u1ed9 ph\u1eadn, \u0111\u1ea3m b\u1ea3o ph\u00f9 h\u1ee3p v\u1edbi Chi\u1ebfn l\u01b0\u1ee3c ph\u00e1t tri\u1ec3n ng\u00e0nh Ng\u00e2n h\u00e0ng v\u00e0 c\u00e1c chi\u1ebfn l\u01b0\u1ee3c li\u00ean quan kh\u00e1c;<\/li>\n<li style=\"text-align: justify;\">T\u1ed5 ch\u1ee9c tri\u1ec3n khai, gi\u00e1m s\u00e1t vi\u1ec7c th\u1ef1c hi\u1ec7n Chi\u1ebfn l\u01b0\u1ee3c ph\u00e1t tri\u1ec3n ng\u00e0nh Ng\u00e2n h\u00e0ng; s\u01a1 k\u1ebft, t\u1ed5ng k\u1ebft, \u0111\u00e1nh gi\u00e1 ti\u1ebfn tr\u00ecnh th\u1ef1c hi\u1ec7n v\u00e0 \u0111\u1ec1 xu\u1ea5t bi\u1ec7n ph\u00e1p \u0111\u1ec3 th\u00fac \u0111\u1ea9y th\u1ef1c thi ho\u1eb7c k\u1ecbp th\u1eddi \u0111i\u1ec1u ch\u1ec9nh n\u1ed9i dung, l\u1ed9 tr\u00ecnh c\u1ee7a chi\u1ebfn l\u01b0\u1ee3c ph\u00f9 h\u1ee3p v\u1edbi di\u1ec5n bi\u1ebfn t\u00ecnh h\u00ecnh th\u1ef1c ti\u1ec5n v\u00e0 xu h\u01b0\u1edbng ph\u00e1t tri\u1ec3n.<\/li>\n<li style=\"text-align: justify;\">T\u1ed5 ch\u1ee9c nghi\u00ean c\u1ee9u nh\u1eefng v\u1ea5n \u0111\u1ec1 l\u00fd lu\u1eadn v\u00e0 t\u1ed5ng k\u1ebft th\u1ef1c ti\u1ec5n v\u1ec1 l\u0129nh v\u1ef1c ti\u1ec1n t\u1ec7 v\u00e0 ho\u1ea1t \u0111\u1ed9ng ng\u00e2n h\u00e0ng, cung c\u1ea5p lu\u1eadn c\u1ee9 khoa h\u1ecdc cho vi\u1ec7c x\u00e2y d\u1ef1ng chi\u1ebfn l\u01b0\u1ee3c, quy ho\u1ea1ch, k\u1ebf ho\u1ea1ch v\u00e0 ch\u00ednh s\u00e1ch c\u1ee7a Ng\u00e2n h\u00e0ng Nh\u00e0 n\u01b0\u1edbc. Th\u1ef1c hi\u1ec7n c\u00e1c nghi\u00ean c\u1ee9u, ph\u1ea3n bi\u1ec7n, t\u01b0 v\u1ea5n ch\u00ednh s\u00e1ch \u0111\u1ec3 ph\u1ee5c v\u1ee5 c\u00f4ng t\u00e1c ho\u1ea1ch \u0111\u1ecbnh, \u0111i\u1ec1u h\u00e0nh ch\u00ednh s\u00e1ch c\u1ee7a Ng\u00e2n h\u00e0ng Nh\u00e0 n\u01b0\u1edbc.<\/li>\n<li style=\"text-align: justify;\">Tham gia x\u00e2y d\u1ef1ng c\u00e1c d\u1ef1 \u00e1n, lu\u1eadt, ph\u00e1p l\u1ec7nh, c\u00e1c ch\u01b0\u01a1ng tr\u00ecnh, \u0111\u1ec1 \u00e1n v\u1ec1 ti\u1ec1n t\u1ec7 v\u00e0 ho\u1ea1t \u0111\u1ed9ng ng\u00e2n h\u00e0ng; tham gia \u00fd ki\u1ebfn v\u1edbi c\u00e1c \u0111\u01a1n v\u1ecb li\u00ean quan trong vi\u1ec7c x\u00e2y d\u1ef1ng, s\u1eeda \u0111\u1ed5i, b\u1ed5 sung c\u00e1c ch\u00ednh s\u00e1ch li\u00ean quan \u0111\u1ebfn ti\u1ec1n t\u1ec7, t\u00edn d\u1ee5ng v\u00e0 ho\u1ea1t \u0111\u1ed9ng ng\u00e2n h\u00e0ng theo ph\u00e2n c\u00f4ng c\u1ee7a Th\u1ed1ng \u0111\u1ed1c Ng\u00e2n h\u00e0ng Nh\u00e0 n\u01b0\u1edbc.<\/li>\n<li style=\"text-align: justify;\">Ph\u1ed1i h\u1ee3p v\u1edbi c\u00e1c \u0111\u01a1n v\u1ecb li\u00ean quan gi\u00fap Th\u1ed1ng \u0111\u1ed1c tham gia, g\u00f3p \u00fd x\u00e2y d\u1ef1ng chi\u1ebfn l\u01b0\u1ee3c, k\u1ebf ho\u1ea1ch ph\u00e1t tri\u1ec3n kinh t\u1ebf &#8211; x\u00e3 h\u1ed9i c\u1ee7a \u0111\u1ea5t n\u01b0\u1edbc v\u00e0 c\u00e1c chi\u1ebfn l\u01b0\u1ee3c, quy ho\u1ea1ch, k\u1ebf ho\u1ea1ch kh\u00e1c theo ph\u00e2n c\u00f4ng c\u1ee7a Th\u1ed1ng \u0111\u1ed1c.<\/li>\n<li style=\"text-align: justify;\">Nghi\u00ean c\u1ee9u, ch\u1ee7 tr\u00ec ho\u1eb7c tham gia x\u00e2y d\u1ef1ng m\u1ed9t s\u1ed1 ch\u00ednh s\u00e1ch v\u1ec1 ph\u00e1t tri\u1ec3n th\u1ecb tr\u01b0\u1eddng t\u00e0i ch\u00ednh v\u00e0 d\u1ecbch v\u1ee5 t\u00e0i ch\u00ednh ng\u00e2n h\u00e0ng khi \u0111\u01b0\u1ee3c Th\u1ed1ng \u0111\u1ed1c giao.<\/li>\n<li style=\"text-align: justify;\">Tham gia nghi\u00ean c\u1ee9u, x\u00e2y d\u1ef1ng m\u1ed9t s\u1ed1 ch\u01b0\u01a1ng tr\u00ecnh m\u1ee5c ti\u00eau qu\u1ed1c gia, \u0111\u1ec1 \u00e1n, d\u1ef1 \u00e1n tr\u1ecdng \u0111i\u1ec3m thu\u1ed9c l\u0129nh v\u1ef1c ng\u00e2n h\u00e0ng khi \u0111\u01b0\u1ee3c Th\u1ed1ng \u0111\u1ed1c giao.<\/li>\n<li style=\"text-align: justify;\">Th\u01b0\u1eddng tr\u1ef1c H\u1ed9i \u0111\u1ed3ng khoa h\u1ecdc v\u00e0 c\u00f4ng ngh\u1ec7 ng\u00e0nh Ng\u00e2n h\u00e0ng. X\u00e2y d\u1ef1ng k\u1ebf ho\u1ea1ch ho\u1ea1t \u0111\u1ed9ng khoa h\u1ecdc v\u00e0 c\u00f4ng ngh\u1ec7 ng\u00e0nh Ng\u00e2n h\u00e0ng n\u0103m n\u0103m v\u00e0 h\u1eb1ng n\u0103m tr\u00ecnh Th\u1ed1ng \u0111\u1ed1c ph\u00ea duy\u1ec7t; t\u1ed5 ch\u1ee9c th\u1ef1c hi\u1ec7n k\u1ebf ho\u1ea1ch ho\u1ea1t \u0111\u1ed9ng khoa h\u1ecdc v\u00e0 c\u00f4ng ngh\u1ec7 ng\u00e0nh Ng\u00e2n h\u00e0ng sau khi \u0111\u01b0\u1ee3c Th\u1ed1ng \u0111\u1ed1c Ng\u00e2n h\u00e0ng Nh\u00e0 n\u01b0\u1edbc ph\u00ea duy\u1ec7t. Theo d\u00f5i, \u0111\u00f4n \u0111\u1ed1c vi\u1ec7c th\u1ef1c hi\u1ec7n tham gia th\u1ea9m \u0111\u1ecbnh, x\u00e9t duy\u1ec7t, nghi\u1ec7m thu k\u1ebft qu\u1ea3 th\u1ef1c hi\u1ec7n c\u00e1c nhi\u1ec7m v\u1ee5 nghi\u00ean c\u1ee9u khoa h\u1ecdc c\u00f4ng ngh\u1ec7 theo quy \u0111\u1ecbnh c\u1ee7a Ng\u00e2n h\u00e0ng Nh\u00e0 n\u01b0\u1edbc v\u00e0 c\u1ee7a ph\u00e1p lu\u1eadt.<\/li>\n<li style=\"text-align: justify;\">\u00a0\u0110\u1ec1 xu\u1ea5t v\u00e0 t\u1ed5 ch\u1ee9c th\u1ef1c hi\u1ec7n vi\u1ec7c ph\u1ed5 bi\u1ebfn v\u00e0 \u1ee9ng d\u1ee5ng nghi\u00ean c\u1ee9u khoa h\u1ecdc, c\u00f4ng ngh\u1ec7 v\u00e0 b\u1ea3o v\u1ec7 m\u00f4i tr\u01b0\u1eddng trong l\u0129nh v\u1ef1c ng\u00e2n h\u00e0ng v\u00e0o th\u1ef1c ti\u1ec5n.<\/li>\n<li style=\"text-align: justify;\">T\u1ed5 ch\u1ee9c qu\u1ea3n l\u00fd h\u1ed3 s\u01a1, t\u00e0i li\u1ec7u, c\u00e1c c\u00f4ng tr\u00ecnh, \u0111\u1ec1 t\u00e0i nghi\u00ean c\u1ee9u khoa h\u1ecdc, lu\u1eadn v\u0103n th\u1ea1c s\u1ef9 v\u00e0 lu\u1eadn \u00e1n ti\u1ebfn s\u1ef9 c\u1ee7a c\u00e1n b\u1ed9, c\u00f4ng ch\u1ee9c Ng\u00e2n h\u00e0ng Nh\u00e0 n\u01b0\u1edbc v\u00e0 c\u00e1c b\u00e1o c\u00e1o v\u1ec1 k\u1ebft qu\u1ea3 kh\u1ea3o s\u00e1t \u1edf n\u01b0\u1edbc ngo\u00e0i c\u1ee7a c\u00e1c \u0111o\u00e0n c\u00f4ng t\u00e1c thu\u1ed9c Ng\u00e2n h\u00e0ng Nh\u00e0 n\u01b0\u1edbc.<\/li>\n<li style=\"text-align: justify;\">\u00a0T\u1ed5 ch\u1ee9c c\u00e1c ho\u1ea1t \u0111\u1ed9ng khoa h\u1ecdc, h\u1ed9i th\u1ea3o, t\u1ecda \u0111\u00e0m v\u1ec1 l\u0129nh v\u1ef1c t\u00e0i ch\u00ednh, ti\u1ec1n t\u1ec7 &#8211; ng\u00e2n h\u00e0ng sau khi \u0111\u01b0\u1ee3c Th\u1ed1ng \u0111\u1ed1c ph\u00ea duy\u1ec7t.<\/li>\n<li style=\"text-align: justify;\">Ph\u1ed1i h\u1ee3p, h\u1ee3p t\u00e1c v\u1edbi c\u00e1c t\u1ed5 ch\u1ee9c khoa h\u1ecdc trong n\u01b0\u1edbc, n\u01b0\u1edbc ngo\u00e0i v\u1ec1 c\u00e1c ho\u1ea1t \u0111\u1ed9ng khoa h\u1ecdc v\u00e0 c\u00f4ng ngh\u1ec7 ng\u00e2n h\u00e0ng theo quy \u0111\u1ecbnh c\u1ee7a ph\u00e1p lu\u1eadt. \u0110\u00e0m ph\u00e1n, k\u00fd k\u1ebft v\u00e0 tri\u1ec3n khai th\u1ef1c hi\u1ec7n c\u00e1c d\u1ef1 \u00e1n h\u1ed7 tr\u1ee3 k\u1ef9 thu\u1eadt, c\u00e1c ch\u01b0\u01a1ng tr\u00ecnh h\u1ee3p t\u00e1c nghi\u00ean c\u1ee9u v\u1edbi c\u00e1c t\u1ed5 ch\u1ee9c qu\u1ed1c t\u1ebf, t\u1ed5 ch\u1ee9c n\u01b0\u1edbc ngo\u00e0i khi \u0111\u01b0\u1ee3c Th\u1ed1ng \u0111\u1ed1c Ng\u00e2n h\u00e0ng Nh\u00e0 n\u01b0\u1edbc giao.<\/li>\n<li style=\"text-align: justify;\">Qu\u1ea3n tr\u1ecb v\u1ec1 n\u1ed9i dung v\u00e0 tham gia v\u1eadn h\u00e0nh C\u1ed5ng th\u00f4ng tin khoa h\u1ecdc v\u00e0 c\u00f4ng ngh\u1ec7 ng\u00e0nh Ng\u00e2n h\u00e0ng.<\/li>\n<li style=\"text-align: justify;\">Ph\u00e1t h\u00e0nh chuy\u00ean kh\u1ea3o, xu\u1ea5t b\u1ea3n c\u00e1c \u1ea5n ph\u1ea9m v\u00e0 k\u1ebft qu\u1ea3 nghi\u00ean c\u1ee9u khoa h\u1ecdc theo quy \u0111\u1ecbnh c\u1ee7a ph\u00e1p lu\u1eadt.<\/li>\n<li style=\"text-align: justify;\">Cung \u1ee9ng c\u00e1c d\u1ecbch v\u1ee5 t\u01b0 v\u1ea5n x\u00e2y d\u1ef1ng chi\u1ebfn l\u01b0\u1ee3c, quy ho\u1ea1ch, k\u1ebf ho\u1ea1ch, ch\u00ednh s\u00e1ch ph\u00e1t tri\u1ec3n, d\u1ecbch v\u1ee5 nghi\u00ean c\u1ee9u khoa h\u1ecdc v\u00e0 c\u00f4ng ngh\u1ec7 l\u0129nh v\u1ef1c ng\u00e2n h\u00e0ng, t\u00e0i ch\u00ednh theo quy \u0111\u1ecbnh c\u1ee7a ph\u00e1p lu\u1eadt.<\/li>\n<li style=\"text-align: justify;\">T\u1ed5 ch\u1ee9c nghi\u00ean c\u1ee9u c\u00e1c ch\u01b0\u01a1ng tr\u00ecnh, \u0111\u1ec1 t\u00e0i, \u0111\u1ec1 \u00e1n, d\u1ef1 \u00e1n khoa h\u1ecdc v\u00e0 c\u00f4ng ngh\u1ec7 c\u00e1c c\u1ea5p do Ng\u00e2n h\u00e0ng Nh\u00e0 n\u01b0\u1edbc giao ho\u1eb7c \u0111\u1eb7t h\u00e0ng.<\/li>\n<li style=\"text-align: justify;\">\u0110\u01b0\u1ee3c quy\u1ec1n s\u1eed d\u1ee5ng c\u00e1c th\u00f4ng tin th\u1ed1ng k\u00ea theo y\u00eau c\u1ea7u v\u00e0 quy \u0111\u1ecbnh c\u1ee7a Th\u1ed1ng \u0111\u1ed1c Ng\u00e2n h\u00e0ng Nh\u00e0 n\u01b0\u1edbc; ph\u1ed1i h\u1ee3p v\u1edbi \u0111\u01a1n v\u1ecb li\u00ean quan t\u1ed5 ch\u1ee9c th\u1ed1ng k\u00ea, \u0111i\u1ec1u tra th\u1ed1ng k\u00ea, thu th\u1eadp v\u00e0 l\u01b0u tr\u1eef th\u00f4ng tin v\u1ec1 kinh t\u1ebf, t\u00e0i ch\u00ednh, ti\u1ec1n t\u1ec7 v\u00e0 ng\u00e2n h\u00e0ng trong n\u01b0\u1edbc v\u00e0 n\u01b0\u1edbc ngo\u00e0i thu\u1ed9c th\u1ea9m quy\u1ec1n c\u1ee7a Ng\u00e2n h\u00e0ng Nh\u00e0 n\u01b0\u1edbc sau khi khai th\u00e1c t\u1ed1i \u0111a c\u00e1c th\u00f4ng tin hi\u1ec7n c\u00f3 t\u1ea1i c\u00e1c \u0111\u01a1n v\u1ecb thu\u1ed9c Ng\u00e2n h\u00e0ng Nh\u00e0 n\u01b0\u1edbc.<\/li>\n<li style=\"text-align: justify;\">Tham gia \u0111\u00e0o t\u1ea1o, b\u1ed3i d\u01b0\u1ee1ng nghi\u1ec7p v\u1ee5 v\u1ec1 nghi\u00ean c\u1ee9u khoa h\u1ecdc thu\u1ed9c ch\u1ee9c n\u0103ng nhi\u1ec7m v\u1ee5 c\u1ee7a Vi\u1ec7n khi \u0111\u01b0\u1ee3c Th\u1ed1ng \u0111\u1ed1c Ng\u00e2n h\u00e0ng Nh\u00e0 n\u01b0\u1edbc giao.<\/li>\n<li style=\"text-align: justify;\">Th\u1ef1c hi\u1ec7n qu\u1ea3n l\u00fd v\u00e0 s\u1eed d\u1ee5ng c\u00f4ng ch\u1ee9c, vi\u00ean ch\u1ee9c thu\u1ed9c \u0111\u01a1n v\u1ecb theo quy \u0111\u1ecbnh c\u1ee7a ph\u00e1p lu\u1eadt v\u00e0 quy \u0111\u1ecbnh c\u1ee7a Ng\u00e2n h\u00e0ng Nh\u00e0 n\u01b0\u1edbc v\u1ec1 ph\u00e2n c\u1ea5p, qu\u1ea3n l\u00fd c\u00f4ng ch\u1ee9c, vi\u00ean ch\u1ee9c.<\/li>\n<li style=\"text-align: justify;\">Th\u1ef1c hi\u1ec7n ch\u1ebf \u0111\u1ed9 th\u00f4ng tin, b\u00e1o c\u00e1o \u0111\u1ecbnh k\u1ef3, h\u00e0ng n\u0103m, \u0111\u1ed9t xu\u1ea5t theo quy \u0111\u1ecbnh c\u1ee7a Ng\u00e2n h\u00e0ng Nh\u00e0 n\u01b0\u1edbc v\u00e0 c\u1ee7a ph\u00e1p lu\u1eadt.<\/li>\n<li style=\"text-align: justify;\">Qu\u1ea3n l\u00fd t\u00e0i ch\u00ednh, t\u00e0i s\u1ea3n v\u00e0 kinh ph\u00ed \u0111\u01b0\u1ee3c giao theo quy \u0111\u1ecbnh c\u1ee7a Ng\u00e2n h\u00e0ng Nh\u00e0 n\u01b0\u1edbc v\u00e0 c\u1ee7a ph\u00e1p lu\u1eadt.<\/li>\n<li style=\"text-align: justify;\">Th\u1ef1c hi\u1ec7n c\u00e1c nhi\u1ec7m v\u1ee5 kh\u00e1c do Th\u1ed1ng \u0111\u1ed1c Ng\u00e2n h\u00e0ng Nh\u00e0 n\u01b0\u1edbc giao.<\/li>\n<\/ol>\n<p style=\"text-align: justify;\"><strong>Th\u00f4ng tin chi ti\u1ebft:\u00a0<a href=\"https:\/\/khoahocnganhang.org.vn\/news\/wp-content\/uploads\/2015\/10\/Q\u0110-s\u1ed1-27.pdf\">Q\u0110 s\u1ed1 27<\/a>\u00a0<\/strong><em>ng\u00e0y 5\/1\/2018 c\u1ee7a Th\u1ed1ng \u0111\u1ed1c NHNN quy \u0111\u1ecbnh ch\u1ee9c n\u0103ng, nhi\u1ec7m v\u1ee5 quy\u1ec1n h\u1ea1n v\u00e0 c\u01a1 c\u1ea5u\u00a0t\u1ed5 ch\u1ee9c c\u1ee7a Vi\u1ec7n Chi\u1ebfn l\u01b0\u1ee3c Ng\u00e2n h\u00e0ng.<\/em><\/p>\n","protected":false},"excerpt":{"rendered":"<p>\u2217 V\u1ecb tr\u00ed v\u00e0 ch\u1ee9c n\u0103ng Vi\u1ec7n Chi\u1ebfn l\u01b0\u1ee3c ng\u00e2n h\u00e0ng l\u00e0 t\u1ed5 ch\u1ee9c khoa h\u1ecdc v\u00e0 c\u00f4ng ngh\u1ec7 c\u00f4ng l\u1eadp tr\u1ef1c thu\u1ed9c Ng\u00e2n h\u00e0ng Nh\u00e0 n\u01b0\u1edbc Vi\u1ec7t Nam; th\u1ef1c hi\u1ec7n ch\u1ebf \u0111\u1ed9 t\u1ef1 ch\u1ee7 \u0111\u1ed1i v\u1edbi t\u1ed5 ch\u1ee9c khoa h\u1ecdc v\u00e0 c\u00f4ng ngh\u1ec7 c\u00f4ng l\u1eadp theo quy \u0111\u1ecbnh c\u1ee7a Ng\u00e2n h\u00e0ng Nh\u00e0 n\u01b0\u1edbc v\u00e0 &#8230;<\/p>\n","protected":false},"author":3,"featured_media":0,"parent":762,"menu_order":0,"comment_status":"open","ping_status":"closed","template":"","meta":[],"_links":{"self":[{"href":"http:\/\/khoahocnganhang.org.vn\/news\/wp-json\/wp\/v2\/pages\/834"}],"collection":[{"href":"http:\/\/khoahocnganhang.org.vn\/news\/wp-json\/wp\/v2\/pages"}],"about":[{"href":"http:\/\/khoahocnganhang.org.vn\/news\/wp-json\/wp\/v2\/types\/page"}],"author":[{"embeddable":true,"href":"http:\/\/khoahocnganhang.org.vn\/news\/wp-json\/wp\/v2\/users\/3"}],"replies":[{"embeddable":true,"href":"http:\/\/khoahocnganhang.org.vn\/news\/wp-json\/wp\/v2\/comments?post=834"}],"version-history":[{"count":13,"href":"http:\/\/khoahocnganhang.org.vn\/news\/wp-json\/wp\/v2\/pages\/834\/revisions"}],"predecessor-version":[{"id":2097,"href":"http:\/\/khoahocnganhang.org.vn\/news\/wp-json\/wp\/v2\/pages\/834\/revisions\/2097"}],"up":[{"embeddable":true,"href":"http:\/\/khoahocnganhang.org.vn\/news\/wp-json\/wp\/v2\/pages\/762"}],"wp:attachment":[{"href":"http:\/\/khoahocnganhang.org.vn\/news\/wp-json\/wp\/v2\/media?parent=834"}],"curies":[{"name":"wp","href":"https:\/\/api.w.org\/{rel}","templated":true}]}}