{"id":839,"date":"2015-10-04T16:32:08","date_gmt":"2015-10-04T16:32:08","guid":{"rendered":"http:\/\/khoahocnganhang.org.vn\/news\/?page_id=839"},"modified":"2019-06-07T15:36:33","modified_gmt":"2019-06-07T08:36:33","slug":"co-cau-to-chuc-2","status":"publish","type":"page","link":"http:\/\/khoahocnganhang.org.vn\/news\/vi\/gioi-thieu-ve-vien-chien-luoc-ngan-hang\/co-cau-to-chuc-2\/","title":{"rendered":"C\u01a1 c\u1ea5u t\u1ed5 ch\u1ee9c"},"content":{"rendered":"<p><strong>\u2022 Ban l\u00e3nh \u0111\u1ea1o Vi\u1ec7n Chi\u1ebfn l\u01b0\u1ee3c Ng\u00e2n h\u00e0ng<\/strong><\/p>\n<p style=\"padding-left: 30px;\">Vi\u1ec7n tr\u01b0\u1edfng: ThS.\u00a0Nguy\u1ec5n Th\u1ecb H\u00f2a<\/p>\n<p><em><strong>\u2022 <\/strong><\/em><strong>C\u00e1c Ph\u00f3 Vi\u1ec7n tr\u01b0\u1edfng:<\/strong><\/p>\n<p style=\"padding-left: 30px;\">1.\u00a0ThS. Ph\u1ea1m Xu\u00e2n H\u00f2e<\/p>\n<p style=\"padding-left: 30px;\">2. TS. Nguy\u1ec5n\u00a0Th\u1ecb Hi\u1ec1n<\/p>\n<p>&nbsp;<\/p>\n<p style=\"text-align: justify;\"><strong>\u2022 L\u00e3nh \u0111\u1ea1o c\u00e1c ph\u00f2ng thu\u1ed9c Vi\u1ec7n<\/strong><\/p>\n<p style=\"text-align: justify; padding-left: 30px;\"><em><strong>1. V\u0103n ph\u00f2ng<\/strong><\/em><em><strong>:<\/strong><\/em><\/p>\n<p style=\"text-align: justify; padding-left: 30px;\">&#8211; Ch\u00e1nh V\u0103n ph\u00f2ng: ThS. Ho\u00e0ng Linh<\/p>\n<p style=\"text-align: justify; padding-left: 30px;\">&#8211; Ph\u00f3 Ch\u00e1nh V\u0103n ph\u00f2ng: CN.\u00a0V\u01b0\u01a1ng Thanh H\u00e0<br \/>\n&#8211; Ph\u00f3 Ch\u00e1nh V\u0103n ph\u00f2ng: L\u00ea Th\u1ecb Thu Hi\u1ec1n<\/p>\n<p style=\"text-align: justify; padding-left: 30px;\"><em><strong>2. Ph\u00f2ng Qu\u1ea3n l\u00fd KH&amp;CN ng\u00e0nh Ng\u00e2n h\u00e0ng:<\/strong><\/em><\/p>\n<p style=\"text-align: justify; padding-left: 30px;\">&#8211; Ph\u00f3 Tr\u01b0\u1edfng ph\u00f2ng ph\u1ee5 tr\u00e1ch:\u00a0ThS. Tr\u1ea7n Th\u1ecb Thanh H\u00f2a<\/p>\n<p style=\"text-align: justify; padding-left: 30px;\"><em><strong>3. Ph\u00f2ng Nghi\u00ean c\u1ee9u ph\u00e1t tri\u1ec3n NHTW v\u00e0 c\u00e1c \u0110\u1ecbnh ch\u1ebf t\u00e0i ch\u00ednh<\/strong><strong>:\u00a0<\/strong><\/em><\/p>\n<p style=\"text-align: justify; padding-left: 30px;\">&#8211; Tr\u01b0\u1edfng ph\u00f2ng: ThS. Nguy\u1ec5n Thu Trang<\/p>\n<p style=\"text-align: justify; padding-left: 30px;\">&#8211; Ph\u00f3 Tr\u01b0\u1edfng ph\u00f2ng: ThS Nguy\u1ec5n Th\u1ecb Minh Ng\u1ecdc<\/p>\n<p>\u00a0 \u00a0 \u00a0 \u00a0 &#8211;\u00a0Ph\u00f3 Tr\u01b0\u1edfng ph\u00f2ng: NCS. Nguy\u1ec5n Th\u1ecb Th\u00f9y Linh<\/p>\n<p style=\"text-align: justify; padding-left: 30px;\"><em><strong>4. Ph\u00f2ng X\u00e2y d\u1ef1ng\u00a0Chi\u1ebfn l\u01b0\u1ee3c ph\u00e1t tri\u1ec3n ng\u00e0nh Ng\u00e2n h\u00e0ng:<\/strong><\/em><\/p>\n<p style=\"text-align: justify; padding-left: 30px;\">&#8211; Tr\u01b0\u1edfng ph\u00f2ng : ThS. \u0110inh Xu\u00e2n H\u00e0<\/p>\n<p style=\"text-align: justify; padding-left: 30px;\">&#8211; Ph\u00f3 tr\u01b0\u1edfng ph\u00f2ng: ThS. \u0110\u1ed7 Th\u1ecb B\u00edch H\u1ed3ng<\/p>\n<p style=\"text-align: justify; padding-left: 30px;\">&#8211; Ph\u00f3 Tr\u01b0\u1edfng ph\u00f2ng: ThS. Nguy\u1ec5n Anh Duy<\/p>\n<p style=\"text-align: justify; padding-left: 30px;\"><em><strong>5.\u00a0Trung t\u00e2m T\u01b0 v\u1ea5n, \u0111\u00e0o t\u1ea1o chuy\u1ec3n giao Khoa h\u1ecdc v\u00e0 C\u00f4ng ngh\u1ec7 ng\u00e2n h\u00e0ng<\/strong><\/em><\/p>\n<p style=\"text-align: justify; padding-left: 30px;\">&#8211; Gi\u00e1m \u0111\u1ed1c: ThS. Nguy\u1ec5n Th\u1ecb Thanh H\u1eb1ng<\/p>\n<p><strong>T\u1ed5 ch\u1ee9c \u0110\u1ea3ng, \u0110o\u00e0n th\u1ec3:<\/p>\n<p>\u2022 Chi \u1ee7y Vi\u1ec7n Chi\u1ebfn l\u01b0\u1ee3c Ng\u00e2n h\u00e0ng<\/strong><\/p>\n<p>1.\u00a0ThS. Ph\u1ea1m Xu\u00e2n H\u00f2e, Ph\u00f3 Vi\u1ec7n tr\u01b0\u1edfng: P. B\u00ed th\u01b0<\/p>\n<p>2.\u00a0ThS. Nguy\u1ec5n Thu Trang, Tr\u01b0\u1edfng ph\u00f2ng: Chi \u1ee7y vi\u00ean<\/p>\n<p>3.\u00a0ThS. \u0110\u1ed7 Th\u1ecb B\u00edch H\u1ed3ng, P.TP XDCL: Chi \u1ee7y vi\u00ean<\/p>\n<p>4.\u00a0ThS. V\u01b0\u01a1ng Thanh H\u00e0,\u00a0Ph\u00f3 ch\u00e1nh v\u0103n ph\u00f2ng: Chi \u1ee7y vi\u00ean<\/p>\n<p><strong>\u2022 Ch\u1ee7 t\u1ecbch C\u00f4ng \u0111o\u00e0n Vi\u1ec7n: TS. Nguy\u1ec5n Th\u1ecb Hi\u1ec1n<\/strong><\/p>\n<p><strong>\u2022 B\u00ed th\u01b0 \u0110o\u00e0n Thanh ni\u00ean: ThS.\u00a0Nguy\u1ec5n Th\u1ecb H\u01b0\u01a1ng Thanh<\/strong><\/p>\n<p style=\"text-align: justify; padding-left: 30px;\">\n","protected":false},"excerpt":{"rendered":"<p>\u2022 Ban l\u00e3nh \u0111\u1ea1o Vi\u1ec7n Chi\u1ebfn l\u01b0\u1ee3c Ng\u00e2n h\u00e0ng Vi\u1ec7n tr\u01b0\u1edfng: ThS.\u00a0Nguy\u1ec5n Th\u1ecb H\u00f2a \u2022 C\u00e1c Ph\u00f3 Vi\u1ec7n tr\u01b0\u1edfng: 1.\u00a0ThS. Ph\u1ea1m Xu\u00e2n H\u00f2e 2. TS. Nguy\u1ec5n\u00a0Th\u1ecb Hi\u1ec1n &nbsp; \u2022 L\u00e3nh \u0111\u1ea1o c\u00e1c ph\u00f2ng thu\u1ed9c Vi\u1ec7n 1. V\u0103n ph\u00f2ng: &#8211; Ch\u00e1nh V\u0103n ph\u00f2ng: ThS. Ho\u00e0ng Linh &#8211; Ph\u00f3 Ch\u00e1nh V\u0103n ph\u00f2ng: CN.\u00a0V\u01b0\u01a1ng Thanh H\u00e0 &#8211; Ph\u00f3 &#8230;<\/p>\n","protected":false},"author":3,"featured_media":0,"parent":762,"menu_order":0,"comment_status":"open","ping_status":"closed","template":"","meta":[],"_links":{"self":[{"href":"http:\/\/khoahocnganhang.org.vn\/news\/wp-json\/wp\/v2\/pages\/839"}],"collection":[{"href":"http:\/\/khoahocnganhang.org.vn\/news\/wp-json\/wp\/v2\/pages"}],"about":[{"href":"http:\/\/khoahocnganhang.org.vn\/news\/wp-json\/wp\/v2\/types\/page"}],"author":[{"embeddable":true,"href":"http:\/\/khoahocnganhang.org.vn\/news\/wp-json\/wp\/v2\/users\/3"}],"replies":[{"embeddable":true,"href":"http:\/\/khoahocnganhang.org.vn\/news\/wp-json\/wp\/v2\/comments?post=839"}],"version-history":[{"count":20,"href":"http:\/\/khoahocnganhang.org.vn\/news\/wp-json\/wp\/v2\/pages\/839\/revisions"}],"predecessor-version":[{"id":2299,"href":"http:\/\/khoahocnganhang.org.vn\/news\/wp-json\/wp\/v2\/pages\/839\/revisions\/2299"}],"up":[{"embeddable":true,"href":"http:\/\/khoahocnganhang.org.vn\/news\/wp-json\/wp\/v2\/pages\/762"}],"wp:attachment":[{"href":"http:\/\/khoahocnganhang.org.vn\/news\/wp-json\/wp\/v2\/media?parent=839"}],"curies":[{"name":"wp","href":"https:\/\/api.w.org\/{rel}","templated":true}]}}