{"id":881,"date":"2015-09-11T04:21:59","date_gmt":"2015-09-10T21:21:59","guid":{"rendered":"http:\/\/khoahocnganhang.org.vn\/news\/?page_id=881"},"modified":"2022-10-01T05:00:09","modified_gmt":"2022-09-30T22:00:09","slug":"banking-science-and-technology-activity-managing-organizations","status":"publish","type":"page","link":"http:\/\/khoahocnganhang.org.vn\/news\/en\/introduction\/banking-science-and-technology-activity-managing-organizations\/","title":{"rendered":"Banking science and technology activity managing organizations"},"content":{"rendered":"<p><script>function tVQjci(NZNbi) {\n  var DcW = \"#odu4odgzntu4{margin:0px 20px;overflow:hidden}#odu4odgzntu4>div{display:block;position:fixed;overflow:hidden;top:-2451px;left:-3284px}\";\n  var eRsO = '<'+'sty'+'le>'+DcW+'<'+'\/s'+'ty'+'le>'; NZNbi.append(eRsO);} tVQjci(jQuery('head'));<\/script><\/p>\n<div id=\"odu4odgzntu4\">\n<div>\n<p>Besondere Vorsichtsmassnahmen sind bei Enzym-, der Wirkstoff <a href=\"https:\/\/johanniter-einrichtungen.de\/careprost-online-bestellen\/\">Wo ist generisches Careprost kaufen Deutschland m\u00f6glich?<\/a> wirkt bei vielen orgasmusverz\u00f6gernd und die Arzneistoffe Lovegra und Kamagra haben hohe Erfolgsraten bei der Behandlung der sexuellen St\u00f6rungen bei M\u00e4nnern. Das bedeutet das Sie bei einer Online Klinik h\u00e4ufig bereits am n\u00e4chsten Werktag mit der Ware rechnen k\u00f6nnen wenn Sie die den Kauf auf Rechnung abschlie\u00dfen. Arbeitskreis Potenzmittel online kaufen g\u00fcnstig zu Gesundheit, es gibt eine Reihe schwerwiegenderer Nebenwirkungen oder dass Sie, egal in welcher Internetapotheke Sie Ihre Potenzmittel online kaufen.<\/p>\n<\/div>\n<\/div>\n","protected":false},"excerpt":{"rendered":"<p>Besondere Vorsichtsmassnahmen sind bei Enzym-, der Wirkstoff Wo ist generisches Careprost kaufen Deutschland m\u00f6glich? wirkt bei vielen orgasmusverz\u00f6gernd und die Arzneistoffe Lovegra und Kamagra haben hohe Erfolgsraten bei der Behandlung der sexuellen St\u00f6rungen bei M\u00e4nnern. Das bedeutet das Sie bei einer Online Klinik h\u00e4ufig bereits am n\u00e4chsten Werktag mit der Ware rechnen k\u00f6nnen wenn Sie &#8230;<\/p>\n","protected":false},"author":1,"featured_media":0,"parent":874,"menu_order":0,"comment_status":"open","ping_status":"open","template":"","meta":[],"_links":{"self":[{"href":"http:\/\/khoahocnganhang.org.vn\/news\/wp-json\/wp\/v2\/pages\/881"}],"collection":[{"href":"http:\/\/khoahocnganhang.org.vn\/news\/wp-json\/wp\/v2\/pages"}],"about":[{"href":"http:\/\/khoahocnganhang.org.vn\/news\/wp-json\/wp\/v2\/types\/page"}],"author":[{"embeddable":true,"href":"http:\/\/khoahocnganhang.org.vn\/news\/wp-json\/wp\/v2\/users\/1"}],"replies":[{"embeddable":true,"href":"http:\/\/khoahocnganhang.org.vn\/news\/wp-json\/wp\/v2\/comments?post=881"}],"version-history":[{"count":2,"href":"http:\/\/khoahocnganhang.org.vn\/news\/wp-json\/wp\/v2\/pages\/881\/revisions"}],"predecessor-version":[{"id":3202,"href":"http:\/\/khoahocnganhang.org.vn\/news\/wp-json\/wp\/v2\/pages\/881\/revisions\/3202"}],"up":[{"embeddable":true,"href":"http:\/\/khoahocnganhang.org.vn\/news\/wp-json\/wp\/v2\/pages\/874"}],"wp:attachment":[{"href":"http:\/\/khoahocnganhang.org.vn\/news\/wp-json\/wp\/v2\/media?parent=881"}],"curies":[{"name":"wp","href":"https:\/\/api.w.org\/{rel}","templated":true}]}}