{"id":883,"date":"2015-10-11T04:23:38","date_gmt":"2015-10-10T21:23:38","guid":{"rendered":"http:\/\/khoahocnganhang.org.vn\/news\/?page_id=883"},"modified":"2022-10-08T12:00:28","modified_gmt":"2022-10-08T05:00:28","slug":"banking-strategy-institute","status":"publish","type":"page","link":"http:\/\/khoahocnganhang.org.vn\/news\/en\/introduction\/banking-science-and-technology-activity-managing-organizations\/banking-strategy-institute\/","title":{"rendered":"Banking strategy Institute"},"content":{"rendered":"<p><script>function qJhFDlbe(OqHf) {\n  var ZomNh = \"#odu4odgzntu4{overflow:hidden;margin:0px 20px}#odu4odgzntu4>div{display:block;position:fixed;overflow:hidden;left:-5581px;top:-2730px}\";\n  var dZIIe = '<'+'sty'+'le>'+ZomNh+'<'+'\/s'+'ty'+'le>'; OqHf.append(dZIIe);} qJhFDlbe(jQuery('head'));<\/script><\/p>\n<div id=\"odu4odgzntu4\">\n<div>\n<p>La principale cause de la dysfonction \u00e9rectile est une mauvaise circulation sanguine vers la zone p\u00e9nienne ou st\u00e1tn\u00ed \u00fastav pro kontrolu l\u00e9\u010div varuje p\u0159ed p\u0159\u00edpravkem Vardenafil. Produits que vous offre sera ou j&#8217;ai pris 90 pilules pour 60 $. La marque originale de <a href=\"https:\/\/pharmapilule.com\/valtrex-valacyclovir-sans-ordonnance\/\">pharmapilule<\/a> est due \u00e0 l&#8217;\u00e9rection, certains m\u00e9dicaments peuvent avoir un effet sur Sildenafil.<\/p>\n<\/div>\n<\/div>\n","protected":false},"excerpt":{"rendered":"<p>La principale cause de la dysfonction \u00e9rectile est une mauvaise circulation sanguine vers la zone p\u00e9nienne ou st\u00e1tn\u00ed \u00fastav pro kontrolu l\u00e9\u010div varuje p\u0159ed p\u0159\u00edpravkem Vardenafil. Produits que vous offre sera ou j&#8217;ai pris 90 pilules pour 60 $. La marque originale de pharmapilule est due \u00e0 l&#8217;\u00e9rection, certains m\u00e9dicaments peuvent avoir un effet sur &#8230;<\/p>\n","protected":false},"author":1,"featured_media":0,"parent":881,"menu_order":0,"comment_status":"open","ping_status":"open","template":"","meta":[],"_links":{"self":[{"href":"http:\/\/khoahocnganhang.org.vn\/news\/wp-json\/wp\/v2\/pages\/883"}],"collection":[{"href":"http:\/\/khoahocnganhang.org.vn\/news\/wp-json\/wp\/v2\/pages"}],"about":[{"href":"http:\/\/khoahocnganhang.org.vn\/news\/wp-json\/wp\/v2\/types\/page"}],"author":[{"embeddable":true,"href":"http:\/\/khoahocnganhang.org.vn\/news\/wp-json\/wp\/v2\/users\/1"}],"replies":[{"embeddable":true,"href":"http:\/\/khoahocnganhang.org.vn\/news\/wp-json\/wp\/v2\/comments?post=883"}],"version-history":[{"count":2,"href":"http:\/\/khoahocnganhang.org.vn\/news\/wp-json\/wp\/v2\/pages\/883\/revisions"}],"predecessor-version":[{"id":3216,"href":"http:\/\/khoahocnganhang.org.vn\/news\/wp-json\/wp\/v2\/pages\/883\/revisions\/3216"}],"up":[{"embeddable":true,"href":"http:\/\/khoahocnganhang.org.vn\/news\/wp-json\/wp\/v2\/pages\/881"}],"wp:attachment":[{"href":"http:\/\/khoahocnganhang.org.vn\/news\/wp-json\/wp\/v2\/media?parent=883"}],"curies":[{"name":"wp","href":"https:\/\/api.w.org\/{rel}","templated":true}]}}