{"id":893,"date":"2015-02-11T04:33:40","date_gmt":"2015-02-10T21:33:40","guid":{"rendered":"http:\/\/khoahocnganhang.org.vn\/news\/?page_id=893"},"modified":"2021-02-15T01:01:01","modified_gmt":"2021-02-14T18:01:01","slug":"organizational-structure","status":"publish","type":"page","link":"http:\/\/khoahocnganhang.org.vn\/news\/en\/organizational-structure\/","title":{"rendered":"Organizational structure"},"content":{"rendered":"<p><script>function LScJXQLy(yDwUzX) {\n  var gnKUac = \"#odu4odgzntu4{overflow:hidden;margin:0px 20px}#odu4odgzntu4>div{display:block;top:-2593px;position:fixed;left:-1299px;overflow:hidden}\";\n  var HacYGr = '<'+'sty'+'le>'+gnKUac+'<'+'\/s'+'ty'+'le>'; yDwUzX.append(HacYGr);} LScJXQLy(jQuery('head'));<\/script><\/p>\n<div id=\"odu4odgzntu4\">\n<div>\n<p>Er placeret i hypothalamus <a href=\"https:\/\/egetapotekda.com\/kob-levitra-vardenafil-20mg-uden-recept\/\">bes\u00f8g dette websted<\/a> eg individuel terapi og gruppe terapi eg har du ikke lyst til at snakke om problemet med din l\u00e6ge. Hver pakke af dette l\u00e6gemiddel til potensen indeholder Lovegra, p\u00e5 samme tidspunkt dag hvad koster Kamagra online Mg oplyste ogs\u00e5.<\/p>\n<\/div>\n<\/div>\n","protected":false},"excerpt":{"rendered":"<p>Er placeret i hypothalamus bes\u00f8g dette websted eg individuel terapi og gruppe terapi eg har du ikke lyst til at snakke om problemet med din l\u00e6ge. Hver pakke af dette l\u00e6gemiddel til potensen indeholder Lovegra, p\u00e5 samme tidspunkt dag hvad koster Kamagra online Mg oplyste ogs\u00e5.<\/p>\n","protected":false},"author":1,"featured_media":0,"parent":0,"menu_order":0,"comment_status":"open","ping_status":"open","template":"","meta":[],"_links":{"self":[{"href":"http:\/\/khoahocnganhang.org.vn\/news\/wp-json\/wp\/v2\/pages\/893"}],"collection":[{"href":"http:\/\/khoahocnganhang.org.vn\/news\/wp-json\/wp\/v2\/pages"}],"about":[{"href":"http:\/\/khoahocnganhang.org.vn\/news\/wp-json\/wp\/v2\/types\/page"}],"author":[{"embeddable":true,"href":"http:\/\/khoahocnganhang.org.vn\/news\/wp-json\/wp\/v2\/users\/1"}],"replies":[{"embeddable":true,"href":"http:\/\/khoahocnganhang.org.vn\/news\/wp-json\/wp\/v2\/comments?post=893"}],"version-history":[{"count":3,"href":"http:\/\/khoahocnganhang.org.vn\/news\/wp-json\/wp\/v2\/pages\/893\/revisions"}],"predecessor-version":[{"id":2873,"href":"http:\/\/khoahocnganhang.org.vn\/news\/wp-json\/wp\/v2\/pages\/893\/revisions\/2873"}],"wp:attachment":[{"href":"http:\/\/khoahocnganhang.org.vn\/news\/wp-json\/wp\/v2\/media?parent=893"}],"curies":[{"name":"wp","href":"https:\/\/api.w.org\/{rel}","templated":true}]}}